{"id":23,"date":"2015-02-24T20:08:22","date_gmt":"2015-02-25T02:08:22","guid":{"rendered":"http:\/\/estebanmora.com\/?page_id=23"},"modified":"2024-01-20T14:43:58","modified_gmt":"2024-01-20T20:43:58","slug":"sobre-mi","status":"publish","type":"page","link":"https:\/\/www.estebanmora.com\/index.php\/sobre-mi\/","title":{"rendered":"Sobre mi&#8230;"},"content":{"rendered":"\n<p>Hola, mi nombre es Esteban Mora.&nbsp;\u270c\ud83c\udffb<\/p>\n\n\n\n<p>De formaci\u00f3n soy Ingeniero de Sistemas. Tropec\u00e9 con Internet en 1994 cuando empezaba mi carrera universitaria y podr\u00eda decirse que fue amor a primera vista. Me inici\u00e9 en el mundo del dise\u00f1o y programaci\u00f3n web un par de a\u00f1os despu\u00e9s y durante muchos a\u00f1os fue mi principal \u00e1rea de trabajo.<\/p>\n\n\n<div class=\"wp-block-image\">\n<figure class=\"aligncenter\"><img loading=\"lazy\" decoding=\"async\" width=\"800\" height=\"536\" src=\"https:\/\/www.estebanmora.com\/wp-content\/uploads\/2020\/10\/7Dias-EMC-01-BLog.png\" alt=\"Esteban Mora\" class=\"wp-image-1534\" srcset=\"https:\/\/www.estebanmora.com\/wp-content\/uploads\/2020\/10\/7Dias-EMC-01-BLog.png 800w, https:\/\/www.estebanmora.com\/wp-content\/uploads\/2020\/10\/7Dias-EMC-01-BLog-300x201.png 300w, https:\/\/www.estebanmora.com\/wp-content\/uploads\/2020\/10\/7Dias-EMC-01-BLog-768x515.png 768w, https:\/\/www.estebanmora.com\/wp-content\/uploads\/2020\/10\/7Dias-EMC-01-BLog-676x453.png 676w\" sizes=\"auto, (max-width: 800px) 100vw, 800px\" \/><\/figure><\/div>\n\n\n<p>Hasta que, a\u00f1os despu\u00e9s, descubr\u00ed que me sent\u00eda m\u00e1s c\u00f3modo trabajando en el an\u00e1lisis y desarrollo de estrategias. <\/p>\n\n\n\n<h3 class=\"wp-block-heading\">Mi primer experimento<\/h3>\n\n\n\n<p>Puede que \u00e9sto suene dif\u00edcil de creer, pero en 2001 desarroll\u00e9 la primera red social abierta al p\u00fablico en Costa Rica, Mis Viejos Amigos. Si hac\u00e9s un c\u00e1lculo de fechas ya te habr\u00e1s dado cuenta que tuve una red social tres a\u00f1os antes de que Facebook abriera sus puertas. \ud83e\udd37\u200d\u2642\ufe0f<\/p>\n\n\n\n<p>La misi\u00f3n de Mis Viejos Amigos era sencilla, poner en contacto a viejos compa\u00f1eros de escuela y colegio.<\/p>\n\n\n\n<p>Lleg\u00f3 a tener en su primer a\u00f1o poco m\u00e1s de 80,000 personas registradas. \u00a1Y hablamos que eran a\u00f1os donde la conexi\u00f3n m\u00e1s com\u00fan en Costa Rica era la conmutada! Para los m\u00e1s j\u00f3venes eso significa que hab\u00eda que conectarse a trav\u00e9s de un m\u00f3dem y la l\u00ednea telef\u00f3nica, y esperar a que nadie levantara el tel\u00e9fono y cortara la conexi\u00f3n.<\/p>\n\n\n<div class=\"wp-block-image\">\n<figure class=\"aligncenter\"><img loading=\"lazy\" decoding=\"async\" width=\"800\" height=\"607\" src=\"https:\/\/www.estebanmora.com\/wp-content\/uploads\/2020\/10\/MVA-Al-Dia-e1603328255564.jpg\" alt=\"Reportaje sobre Mis Viejos Amigos\" class=\"wp-image-1536\"\/><\/figure><\/div>\n\n\n<p>Mis Viejos Amigos lleg\u00f3 en una \u00e9poca donde las opciones de monetizaci\u00f3n eran pr\u00e1cticamente nulas, as\u00ed que el \u00e9xito en su aceptaci\u00f3n no represent\u00f3 un \u00e9xito financiero. Imagin\u00e1 que eran los a\u00f1os en los que Google era s\u00f3lo un buscador y Amazon s\u00f3lo vend\u00eda libros, as\u00ed que la idea de pagar las facturas con una red social en Costa Rica result\u00f3 infructuosa. \ud83d\ude1e<\/p>\n\n\n\n<p>Sin embargo, la experiencia fue invaluable y en su momento fue el tema de conversaci\u00f3n para abrir muchas puertas. Ac\u00e1 pod\u00e9s leer un reportaje de <a href=\"https:\/\/www.crhoy.com\/tecnologia\/la-red-social-tica-que-se-adelanto-a-facebook-y-a-myspace\/\">CRHoy<\/a> sobre Mis Viejos Amigos a\u00f1os atr\u00e1s.<\/p>\n\n\n\n<h3 class=\"wp-block-heading\">En la prensa<\/h3>\n\n\n\n<p>Ya hab\u00eda tenido cierto contacto con la prensa en 2001 gracias a Mis Viejos Amigos. En 2013 puse a prueba uno de los sistemas de monitoreo de redes sociales que ten\u00eda en desarrollo con la campa\u00f1a pol\u00edtica que apenas empezaba. A trav\u00e9s de mi cuenta de Twitter compart\u00ed algunos datos muy b\u00e1sicos de rendimiento, pero que nadie m\u00e1s hab\u00eda publicado<em>.<\/em><\/p>\n\n\n\n<p>Top\u00e9 con la suerte de que un periodista los ley\u00f3, vio la oportunidad de hablar de algo diferente, y me contact\u00f3 para una entrevista. Eso me motiv\u00f3 a publicar muchos m\u00e1s datos sobre la campa\u00f1a pol\u00edtica, lo que dio pie a m\u00e1s entrevistas en las siguientes semanas.<\/p>\n\n\n\n<p>Desde entonces he sido invitado a reportajes y entrevistas relacionadas con redes sociales, pol\u00edtica digital y tecnolog\u00eda en general. He recopilado algunas de esas entrevistas\u00a0<a href=\"http:\/\/www.estebanmora.com\/index.php\/en-la-prensa\/\" title=\"\">en esta p\u00e1gina<\/a>.<\/p>\n\n\n\n<p><strong>Sobre este blog<\/strong><\/p>\n\n\n\n<p>De antemano te agradezco que te hay\u00e1s tomado el tiempo para visitar mi blog. La idea es compartir aqu\u00ed algunas ideas diferentes, exponer otros puntos de vista, y publicar algunos an\u00e1lisis. Tratar\u00e9 de&nbsp;hacerlo lo m\u00e1s variado que pueda para que te resulte entretenido.<\/p>\n\n\n\n<p>No te voy a mentir, no escribo con la frecuencia deseada, pero te prometo que hago lo posible por sacar el tiempo para hacerlo.<\/p>\n\n\n\n<p>Si te gusta alguno de los art\u00edculos te agradecer\u00eda que lo compart\u00e1s en tus canales sociales. Record\u00e1 que cualquier comentario o cr\u00edtica constructiva es bienvenida, y pod\u00e9s enviarla desde el <a href=\"http:\/\/www.estebanmora.com\/contacto\/\">formulario de contacto<\/a>.<\/p>\n\n\n\n<p><\/p>\n","protected":false},"excerpt":{"rendered":"<p>Hola, mi nombre es Esteban Mora.&nbsp;\u270c\ud83c\udffb De formaci\u00f3n soy Ingeniero de Sistemas. Tropec\u00e9 con Internet en 1994 cuando empezaba mi carrera universitaria y podr\u00eda decirse que fue amor a primera vista. Me inici\u00e9 en el mundo del dise\u00f1o y programaci\u00f3n web un par de a\u00f1os despu\u00e9s y durante muchos a\u00f1os fue mi principal \u00e1rea de [&hellip;]<\/p>\n","protected":false},"author":1,"featured_media":0,"parent":0,"menu_order":1,"comment_status":"closed","ping_status":"open","template":"","meta":{"_monsterinsights_skip_tracking":false,"_monsterinsights_sitenote_active":false,"_monsterinsights_sitenote_note":"","_monsterinsights_sitenote_category":0,"footnotes":""},"class_list":["post-23","page","type-page","status-publish","hentry","post-preview"],"aioseo_notices":[],"_links":{"self":[{"href":"https:\/\/www.estebanmora.com\/index.php\/wp-json\/wp\/v2\/pages\/23","targetHints":{"allow":["GET"]}}],"collection":[{"href":"https:\/\/www.estebanmora.com\/index.php\/wp-json\/wp\/v2\/pages"}],"about":[{"href":"https:\/\/www.estebanmora.com\/index.php\/wp-json\/wp\/v2\/types\/page"}],"author":[{"embeddable":true,"href":"https:\/\/www.estebanmora.com\/index.php\/wp-json\/wp\/v2\/users\/1"}],"replies":[{"embeddable":true,"href":"https:\/\/www.estebanmora.com\/index.php\/wp-json\/wp\/v2\/comments?post=23"}],"version-history":[{"count":36,"href":"https:\/\/www.estebanmora.com\/index.php\/wp-json\/wp\/v2\/pages\/23\/revisions"}],"predecessor-version":[{"id":2193,"href":"https:\/\/www.estebanmora.com\/index.php\/wp-json\/wp\/v2\/pages\/23\/revisions\/2193"}],"wp:attachment":[{"href":"https:\/\/www.estebanmora.com\/index.php\/wp-json\/wp\/v2\/media?parent=23"}],"curies":[{"name":"wp","href":"https:\/\/api.w.org\/{rel}","templated":true}]}}